{"id":294,"date":"2025-03-05T10:01:06","date_gmt":"2025-03-05T10:01:06","guid":{"rendered":"https:\/\/asesoriaabastos.es\/?page_id=294"},"modified":"2025-03-10T14:32:46","modified_gmt":"2025-03-10T14:32:46","slug":"nosotros","status":"publish","type":"page","link":"https:\/\/asesoriaabastos.es\/en\/nosotros\/","title":{"rendered":"Us"},"content":{"rendered":"<div data-elementor-type=\"wp-page\" data-elementor-id=\"294\" class=\"elementor elementor-294\" data-elementor-post-type=\"page\">\n\t\t\t\t<div class=\"elementor-element elementor-element-1a9da38 e-flex e-con-boxed lakit-col-width-auto-no e-container e-root-container elementor-top-section e-con e-parent\" data-id=\"1a9da38\" data-element_type=\"container\" data-settings=\"{&quot;background_background&quot;:&quot;classic&quot;}\">\n\t\t\t\t\t<div class=\"e-con-inner\">\n\t\t<div class=\"elementor-element elementor-element-f1f2b33 e-con-full e-flex lakit-col-width-auto-no e-container e-con e-child\" data-id=\"f1f2b33\" data-element_type=\"container\">\n\t\t\t\t<\/div>\n\t\t\t\t\t<\/div>\n\t\t\t\t<\/div>\n\t\t<div class=\"elementor-element elementor-element-a1b1c25 e-flex e-con-boxed lakit-col-width-auto-no e-container e-root-container elementor-top-section e-con e-parent\" data-id=\"a1b1c25\" data-element_type=\"container\">\n\t\t\t\t\t<div class=\"e-con-inner\">\n\t\t<div class=\"elementor-element elementor-element-dd9e05e e-con-full e-flex lakit-col-width-auto-no e-container e-con e-child\" data-id=\"dd9e05e\" data-element_type=\"container\" data-settings=\"{&quot;background_background&quot;:&quot;classic&quot;}\">\n\t\t\t\t<div class=\"elementor-element elementor-element-7840e40 elementor-widget elementor-widget-spacer\" data-id=\"7840e40\" data-element_type=\"widget\" data-widget_type=\"spacer.default\">\n\t\t\t\t<div class=\"elementor-widget-container\">\n\t\t\t\t\t\t\t<div class=\"elementor-spacer\">\n\t\t\t<div class=\"elementor-spacer-inner\"><\/div>\n\t\t<\/div>\n\t\t\t\t\t\t<\/div>\n\t\t\t\t<\/div>\n\t\t\t\t<\/div>\n\t\t<div class=\"elementor-element elementor-element-976d926 e-con-full e-flex lakit-col-width-auto-no e-container e-con e-child\" data-id=\"976d926\" data-element_type=\"container\">\n\t\t\t\t<div class=\"elementor-element elementor-element-8a6c38c animated-fast elementor-invisible elementor-widget elementor-widget-heading\" data-id=\"8a6c38c\" data-element_type=\"widget\" data-settings=\"{&quot;_animation&quot;:&quot;fadeInDown&quot;,&quot;_animation_delay&quot;:100}\" data-widget_type=\"heading.default\">\n\t\t\t\t<div class=\"elementor-widget-container\">\n\t\t\t\t\t<h2 class=\"elementor-heading-title elementor-size-default\">Commitment, Experience, and Confidence by Every Advice<\/h2>\t\t\t\t<\/div>\n\t\t\t\t<\/div>\n\t\t\t\t<div class=\"elementor-element elementor-element-16a4b81 animated-fast elementor-invisible elementor-widget elementor-widget-text-editor\" data-id=\"16a4b81\" data-element_type=\"widget\" data-settings=\"{&quot;_animation&quot;:&quot;fadeInDown&quot;,&quot;_animation_delay&quot;:100}\" data-widget_type=\"text-editor.default\">\n\t\t\t\t<div class=\"elementor-widget-container\">\n\t\t\t\t\t\t\t\t\t<p data-start=\"288\" data-end=\"626\">In <strong data-start=\"291\" data-end=\"316\">Advice Abastos SL<\/strong>, we have more than <strong data-start=\"334\" data-end=\"345\">20 years<\/strong> offering a comprehensive service of <strong data-start=\"381\" data-end=\"425\">tax advice, accounting and labor<\/strong> businesses and self-employed. Our story began in <strong data-start=\"478\" data-end=\"486\">2003<\/strong>when four professionals with a common vision, they decided to create a firm focused on proximity, transparency and excellence.<\/p><p data-start=\"628\" data-end=\"961\">Since then, we have grown into a team, and experience, in order to consolidate our position as a counseling reference in business management. Today we have a team of <strong data-start=\"788\" data-end=\"831\">11 highly qualified professionals<\/strong>committed to providing effective solutions that facilitate the management and regulatory compliance of our customers.<\/p><p data-start=\"963\" data-end=\"1189\">Our headquarters in the <strong data-start=\"982\" data-end=\"1015\">calle Juan Llorens, number 61<\/strong>, remains the center of operations, where we work every day to ensure to our customers <strong data-start=\"1117\" data-end=\"1145\">security and peace of mind<\/strong> in its obligations tax and labor.<\/p>\t\t\t\t\t\t\t\t<\/div>\n\t\t\t\t<\/div>\n\t\t\t\t<div class=\"elementor-element elementor-element-443b53b animated-fast elementor-invisible elementor-widget elementor-widget-heading\" data-id=\"443b53b\" data-element_type=\"widget\" data-settings=\"{&quot;_animation&quot;:&quot;fadeInDown&quot;,&quot;_animation_delay&quot;:100}\" data-widget_type=\"heading.default\">\n\t\t\t\t<div class=\"elementor-widget-container\">\n\t\t\t\t\t<h4 class=\"elementor-heading-title elementor-size-default\">More than two decades promoting business with quality advice<\/h4>\t\t\t\t<\/div>\n\t\t\t\t<\/div>\n\t\t\t\t<div class=\"elementor-element elementor-element-9676978 animated-fast elementor-invisible elementor-widget elementor-widget-text-editor\" data-id=\"9676978\" data-element_type=\"widget\" data-settings=\"{&quot;_animation&quot;:&quot;fadeInDown&quot;,&quot;_animation_delay&quot;:100}\" data-widget_type=\"text-editor.default\">\n\t\t\t\t<div class=\"elementor-widget-container\">\n\t\t\t\t\t\t\t\t\t<p data-start=\"1322\" data-end=\"1597\">Since our inception, we have maintained an approach based on the <strong data-start=\"1386\" data-end=\"1415\">trust and commitment<\/strong> with each client. We believe that advice should not only manage paperwork, but also become a strategic ally for the growth and stability of each company.<\/p><p data-start=\"1599\" data-end=\"1874\">In <strong>Advice Abastos SL<\/strong>, evolve with time and with the needs of our clients, incorporating digital solutions for the management, tax, accounting and labor, without losing the near and customized treatment that characterizes us.<\/p>\t\t\t\t\t\t\t\t<\/div>\n\t\t\t\t<\/div>\n\t\t<div class=\"elementor-element elementor-element-6682796 e-con-full e-flex lakit-col-width-auto-no elementor-invisible e-container e-con e-child\" data-id=\"6682796\" data-element_type=\"container\" data-settings=\"{&quot;animation&quot;:&quot;fadeIn&quot;,&quot;animation_delay&quot;:400}\">\n\t\t<div class=\"elementor-element elementor-element-c2dd386 e-con-full e-flex lakit-col-width-auto-no e-container e-con e-child\" data-id=\"c2dd386\" data-element_type=\"container\">\n\t\t\t\t<div class=\"elementor-element elementor-element-b11a1c5 elementor-widget__width-auto elementor-widget elementor-widget-counter\" data-id=\"b11a1c5\" data-element_type=\"widget\" data-widget_type=\"counter.default\">\n\t\t\t\t<div class=\"elementor-widget-container\">\n\t\t\t\t\t\t\t<div class=\"elementor-counter\">\n\t\t\t\t\t\t<div class=\"elementor-counter-number-wrapper\">\n\t\t\t\t<span class=\"elementor-counter-number-prefix\"><\/span>\n\t\t\t\t<span class=\"elementor-counter-number\" data-duration=\"2000\" data-to-value=\"20\" data-from-value=\"0\" data-delimiter=\",\">0<\/span>\n\t\t\t\t<span class=\"elementor-counter-number-suffix\">+<\/span>\n\t\t\t<\/div>\n\t\t<\/div>\n\t\t\t\t\t\t<\/div>\n\t\t\t\t<\/div>\n\t\t\t\t<div class=\"elementor-element elementor-element-d21d77a elementor-widget elementor-widget-heading\" data-id=\"d21d77a\" data-element_type=\"widget\" data-widget_type=\"heading.default\">\n\t\t\t\t<div class=\"elementor-widget-container\">\n\t\t\t\t\t<h4 class=\"elementor-heading-title elementor-size-default\">Years of experience<\/h4>\t\t\t\t<\/div>\n\t\t\t\t<\/div>\n\t\t\t\t<\/div>\n\t\t<div class=\"elementor-element elementor-element-2ba3e59 elementor-hidden-phone e-con-full e-flex lakit-col-width-auto-no e-container e-con e-child\" data-id=\"2ba3e59\" data-element_type=\"container\">\n\t\t\t\t<div class=\"elementor-element elementor-element-2bec32d elementor-widget elementor-widget-spacer\" data-id=\"2bec32d\" data-element_type=\"widget\" data-widget_type=\"spacer.default\">\n\t\t\t\t<div class=\"elementor-widget-container\">\n\t\t\t\t\t\t\t<div class=\"elementor-spacer\">\n\t\t\t<div class=\"elementor-spacer-inner\"><\/div>\n\t\t<\/div>\n\t\t\t\t\t\t<\/div>\n\t\t\t\t<\/div>\n\t\t\t\t<\/div>\n\t\t<div class=\"elementor-element elementor-element-adf578b e-con-full e-flex lakit-col-width-auto-no e-container e-con e-child\" data-id=\"adf578b\" data-element_type=\"container\">\n\t\t\t\t<div class=\"elementor-element elementor-element-d03ae8e elementor-widget elementor-widget-image\" data-id=\"d03ae8e\" data-element_type=\"widget\" data-widget_type=\"image.default\">\n\t\t\t\t<div class=\"elementor-widget-container\">\n\t\t\t\t\t\t\t\t\t\t\t\t\t\t\t<img fetchpriority=\"high\" decoding=\"async\" width=\"1277\" height=\"195\" src=\"https:\/\/asesoriaabastos.es\/wp-content\/uploads\/2025\/03\/logo_ASESORIA_ABASTOS__S.L-removebg-preview.png\" class=\"elementor-animation-grow attachment-full size-full wp-image-84\" alt=\"\" srcset=\"https:\/\/asesoriaabastos.es\/wp-content\/uploads\/2025\/03\/logo_ASESORIA_ABASTOS__S.L-removebg-preview.png 1277w, https:\/\/asesoriaabastos.es\/wp-content\/uploads\/2025\/03\/logo_ASESORIA_ABASTOS__S.L-removebg-preview-300x46.png 300w, https:\/\/asesoriaabastos.es\/wp-content\/uploads\/2025\/03\/logo_ASESORIA_ABASTOS__S.L-removebg-preview-1024x156.png 1024w, https:\/\/asesoriaabastos.es\/wp-content\/uploads\/2025\/03\/logo_ASESORIA_ABASTOS__S.L-removebg-preview-768x117.png 768w\" sizes=\"(max-width: 1277px) 100vw, 1277px\" \/>\t\t\t\t\t\t\t\t\t\t\t\t\t\t\t<\/div>\n\t\t\t\t<\/div>\n\t\t\t\t<\/div>\n\t\t\t\t<\/div>\n\t\t<div class=\"elementor-element elementor-element-5b1aaa4 e-con-full e-flex lakit-col-width-auto-no e-container e-con e-child\" data-id=\"5b1aaa4\" data-element_type=\"container\">\n\t\t<div class=\"elementor-element elementor-element-54dd2bb e-con-full e-flex lakit-col-width-auto-no e-container e-con e-child\" data-id=\"54dd2bb\" data-element_type=\"container\">\n\t\t\t\t<div class=\"elementor-element elementor-element-5c7b1be elementor-widget__width-auto elementor-invisible elementor-widget elementor-widget-text-editor\" data-id=\"5c7b1be\" data-element_type=\"widget\" data-settings=\"{&quot;_animation&quot;:&quot;fadeIn&quot;,&quot;_animation_delay&quot;:400}\" data-widget_type=\"text-editor.default\">\n\t\t\t\t<div class=\"elementor-widget-container\">\n\t\t\t\t\t\t\t\t\t<p>Let&#039;s talk:\u00a0<\/p>\t\t\t\t\t\t\t\t<\/div>\n\t\t\t\t<\/div>\n\t\t\t\t<div class=\"elementor-element elementor-element-0a498a0 elementor-align-left elementor-icon-list--layout-traditional elementor-list-item-link-full_width elementor-invisible elementor-widget elementor-widget-icon-list\" data-id=\"0a498a0\" data-element_type=\"widget\" data-settings=\"{&quot;_animation&quot;:&quot;fadeIn&quot;,&quot;_animation_delay&quot;:400}\" data-widget_type=\"icon-list.default\">\n\t\t\t\t<div class=\"elementor-widget-container\">\n\t\t\t\t\t\t\t<ul class=\"elementor-icon-list-items\">\n\t\t\t\t\t\t\t<li class=\"elementor-icon-list-item\">\n\t\t\t\t\t\t\t\t\t\t\t<a href=\"tel:963821413\">\n\n\t\t\t\t\t\t\t\t\t\t\t\t<span class=\"elementor-icon-list-icon\">\n\t\t\t\t\t\t\t<i aria-hidden=\"true\" class=\"splicon icon-call-in\"><\/i>\t\t\t\t\t\t<\/span>\n\t\t\t\t\t\t\t\t\t\t<span class=\"elementor-icon-list-text\">963821413<\/span>\n\t\t\t\t\t\t\t\t\t\t\t<\/a>\n\t\t\t\t\t\t\t\t\t<\/li>\n\t\t\t\t\t\t<\/ul>\n\t\t\t\t\t\t<\/div>\n\t\t\t\t<\/div>\n\t\t\t\t<\/div>\n\t\t\t\t<\/div>\n\t\t\t\t<\/div>\n\t\t\t\t\t<\/div>\n\t\t\t\t<\/div>\n\t\t\t\t<\/div>","protected":false},"excerpt":{"rendered":"<p>Compromiso, Experiencia y Confianza en Cada Asesoramiento En Asesor\u00eda Abastos S.L., llevamos m\u00e1s de 20 a\u00f1os ofreciendo un servicio integral de asesoramiento fiscal, contable y laboral a empresas y aut\u00f3nomos. Nuestra historia comenz\u00f3 en 2003, cuando cuatro profesionales con una visi\u00f3n com\u00fan decidieron crear un despacho enfocado en la cercan\u00eda, la transparencia y la excelencia. [&hellip;]<\/p>","protected":false},"author":1,"featured_media":0,"parent":0,"menu_order":0,"comment_status":"closed","ping_status":"closed","template":"","meta":{"footnotes":""},"class_list":["post-294","page","type-page","status-publish","hentry"],"_links":{"self":[{"href":"https:\/\/asesoriaabastos.es\/en\/wp-json\/wp\/v2\/pages\/294","targetHints":{"allow":["GET"]}}],"collection":[{"href":"https:\/\/asesoriaabastos.es\/en\/wp-json\/wp\/v2\/pages"}],"about":[{"href":"https:\/\/asesoriaabastos.es\/en\/wp-json\/wp\/v2\/types\/page"}],"author":[{"embeddable":true,"href":"https:\/\/asesoriaabastos.es\/en\/wp-json\/wp\/v2\/users\/1"}],"replies":[{"embeddable":true,"href":"https:\/\/asesoriaabastos.es\/en\/wp-json\/wp\/v2\/comments?post=294"}],"version-history":[{"count":40,"href":"https:\/\/asesoriaabastos.es\/en\/wp-json\/wp\/v2\/pages\/294\/revisions"}],"predecessor-version":[{"id":542,"href":"https:\/\/asesoriaabastos.es\/en\/wp-json\/wp\/v2\/pages\/294\/revisions\/542"}],"wp:attachment":[{"href":"https:\/\/asesoriaabastos.es\/en\/wp-json\/wp\/v2\/media?parent=294"}],"curies":[{"name":"wp","href":"https:\/\/api.w.org\/{rel}","templated":true}]}}